{"id":4171,"date":"2022-03-24T20:26:15","date_gmt":"2022-03-24T20:26:15","guid":{"rendered":"https:\/\/www.keybak.amicalementgeorge.com\/?post_type=product&#038;p=4171"},"modified":"2026-03-26T11:36:09","modified_gmt":"2026-03-26T11:36:09","slug":"key-bak-6c","status":"publish","type":"product","link":"https:\/\/key-bak.fr\/de\/produit\/key-bak-6c\/","title":{"rendered":"Key-bak 6C"},"content":{"rendered":"<p>Der 6C \"Heavy Duty\" Namensschildhalter ist das ideale Werkzeug f\u00fcr alle, die mehrere Schl\u00fcssel oder Werkzeuge verwalten und h\u00e4ufigen Zugriff ben\u00f6tigen. Sein Design erm\u00f6glicht eine einfache und schnelle Bedienung, die in dynamischen Arbeitsumgebungen unerl\u00e4sslich ist.<\/p>\n<h2 class=\"translation-block\"><strong>Robustheit und<\/strong> Haltbarkeit<\/h2>\n<p>Dieser Schl\u00fcssel- oder Zubeh\u00f6rhalter verf\u00fcgt \u00fcber ein robustes Geh\u00e4use aus gegossenem schwarzem Polycarbonat, das eine 90 cm lange, einziehbare Spule aus DuPont\u2122 Kevlar\u00ae-Faser sch\u00fctzt. Mit seinem Karabinerhaken l\u00e4sst er sich leicht an G\u00fcrtelschlaufen, Taschen, Werkzeugk\u00e4sten oder Handtaschen befestigen.<\/p>\n<h2 class=\"translation-block\"><strong>Einfaches Befestigen<\/strong><\/h2>\n<p>Mit seiner vielseitigen Befestigung l\u00e4sst sich der 6C Badge Holder dank des integrierten Karabinerhakens ganz einfach an Ihrer G\u00fcrtelschnalle, Ihrem Rucksack oder einer anderen Halterung befestigen. Er wurde entwickelt, um Ihre Ausweise immer griffbereit zu haben, ohne dass sie verloren gehen k\u00f6nnen. Das macht ihn zu einem unverzichtbaren Begleiter in der Gastronomie und im Sicherheitsbereich.<\/p>\n<h2>\u00dcberlegene Schrumpfbarkeit<\/h2>\n<p>Profitieren Sie von einer 90 cm langen einziehbaren Schnur, die mehr L\u00e4nge und Einziehkraft bietet als die meisten anderen Schl\u00fcsselanh\u00e4nger auf dem Markt. Diese Funktion ist perfekt f\u00fcr alle, die h\u00e4ufig ihre Schl\u00fcssel oder Zubeh\u00f6r (Schraubenzieher, Korkenzieher usw.) ohne Einschr\u00e4nkungen pr\u00e4sentieren m\u00fcssen.<\/p>\n<h2 class=\"translation-block\"><strong>Sicherheit und<\/strong> einfacher Zugang<\/strong>.<\/h2>\n<p>Befestigen Sie Ihren Ausweis oder Ihre Schl\u00fcssel einfach an dem gebrochenen Ring. Benutzen und l\u00f6sen Sie cos Schl\u00fcssel ganz einfach; der einziehbare Mechanismus bringt sie bis zum n\u00e4chsten Gebrauch sicher zur\u00fcck.<\/p>\n<h2>Ein Must f\u00fcr Profis<\/h2>\n<p>Die 6C-Modelle sind f\u00fcr ihre Zuverl\u00e4ssigkeit und Effizienz in verschiedenen Branchen bekannt. Egal, ob Sie im Sicherheitsgewerbe, im Hotel- und Gastst\u00e4ttengewerbe oder in einem anderen Bereich arbeiten, der h\u00e4ufigen Zugang erfordert, dieser Zubeh\u00f6rhalter ist die perfekte L\u00f6sung, um Ihre Schl\u00fcssel und Werkzeuge stets griffbereit zu haben.<\/p>","protected":false},"excerpt":{"rendered":"<h3>Das Key-Bak, das Ihnen t\u00e4glich zur Seite steht<\/h3>\n<p>Zuverl\u00e4ssig und robust ist er ein unverzichtbarer Begleiter in Ihrem Berufsalltag.<\/p>\n<h3>Merkmale<\/h3>\n<ul>\n<li>Kevlar-Kabel auf 90 cm ausziehbar<\/li>\n<li>R\u00fcckzugskraft von 170 g<\/li>\n<li>Karabinerhaken aus Zinklegierung<\/li>\n<li>Gebrochener Ring aus geh\u00e4rtetem Stahl (3,5 cm)<\/li>\n<li>Geh\u00e4use aus extrem widerstandsf\u00e4higem Polycarbonat<\/li>\n<li>Getestet, um 1 Million Abz\u00fcge zu \u00fcberdauern<\/li>\n<li>Gesch\u00fctzt durch eine 1-j\u00e4hrige Garantie<\/li>\n<\/ul>","protected":false},"featured_media":4921,"template":"","meta":[],"product_brand":[],"product_cat":[66,27,69],"product_tag":[],"class_list":{"0":"post-4171","1":"product","2":"type-product","3":"status-publish","4":"has-post-thumbnail","6":"product_cat-hotellerie","7":"product_cat-key-bak-enrouleurs","8":"product_cat-usage-quotidien","10":"first","11":"instock","12":"taxable","13":"shipping-taxable","14":"purchasable","15":"product-type-simple"},"_links":{"self":[{"href":"https:\/\/key-bak.fr\/de\/wp-json\/wp\/v2\/product\/4171","targetHints":{"allow":["GET"]}}],"collection":[{"href":"https:\/\/key-bak.fr\/de\/wp-json\/wp\/v2\/product"}],"about":[{"href":"https:\/\/key-bak.fr\/de\/wp-json\/wp\/v2\/types\/product"}],"version-history":[{"count":1,"href":"https:\/\/key-bak.fr\/de\/wp-json\/wp\/v2\/product\/4171\/revisions"}],"predecessor-version":[{"id":8988,"href":"https:\/\/key-bak.fr\/de\/wp-json\/wp\/v2\/product\/4171\/revisions\/8988"}],"wp:featuredmedia":[{"embeddable":true,"href":"https:\/\/key-bak.fr\/de\/wp-json\/wp\/v2\/media\/4921"}],"wp:attachment":[{"href":"https:\/\/key-bak.fr\/de\/wp-json\/wp\/v2\/media?parent=4171"}],"wp:term":[{"taxonomy":"product_brand","embeddable":true,"href":"https:\/\/key-bak.fr\/de\/wp-json\/wp\/v2\/product_brand?post=4171"},{"taxonomy":"product_cat","embeddable":true,"href":"https:\/\/key-bak.fr\/de\/wp-json\/wp\/v2\/product_cat?post=4171"},{"taxonomy":"product_tag","embeddable":true,"href":"https:\/\/key-bak.fr\/de\/wp-json\/wp\/v2\/product_tag?post=4171"}],"curies":[{"name":"wp","href":"https:\/\/api.w.org\/{rel}","templated":true}]}}