{"id":4170,"date":"2022-03-24T20:26:15","date_gmt":"2022-03-24T20:26:15","guid":{"rendered":"https:\/\/www.keybak.amicalementgeorge.com\/?post_type=product&#038;p=4170"},"modified":"2026-03-26T11:35:32","modified_gmt":"2026-03-26T11:35:32","slug":"key-bak-security","status":"publish","type":"product","link":"https:\/\/key-bak.fr\/de\/produit\/key-bak-securit\/","title":{"rendered":"Key-bak SECURIT"},"content":{"rendered":"<p>Entdecken Sie den KeyBak SECURIT. Sein robuster und vielseitiger Karabinerhaken ist perfekt f\u00fcr den intensiven t\u00e4glichen Gebrauch. Mit seiner Kombination aus Schl\u00fcsselanh\u00e4nger und Karabinerbefestigung ist dieses Modell eines der beliebtesten in unserem Sortiment.<\/p>\n<h2>Universelle Aufh\u00e4ngung<\/h2>\n<p>Das SECURIT KeyBak l\u00e4sst sich problemlos an fast jedem Untergrund befestigen, sodass Sie Ihre Schl\u00fcssel, Taschenlampen, Cuttermesser und andere wichtige kleine Werkzeuge immer griffbereit haben. Seine Vielseitigkeit macht es zu einem unverzichtbaren Werkzeug f\u00fcr Berufst\u00e4tige und Abenteurer.<\/p>\n<h2>Hochwertige Materialien<\/h2>\n<p>Das KeyBak SECURIT wurde gebaut, um zu widerstehen. Es verf\u00fcgt \u00fcber ein robustes Polycarbonatgeh\u00e4use, eine Feder aus rostfreiem Stahl und ein Kabel aus Kevlar\u00a9, das selbst unter den anspruchsvollsten Bedingungen eine au\u00dfergew\u00f6hnliche Haltbarkeit garantiert.<\/p>\n<h2>Anpassen der Kabell\u00e4nge<\/h2>\n<p>Das KeyBak SECURIT wird in drei verschiedenen L\u00e4ngen und mit drei verschiedenen Einzugskr\u00e4ften angeboten und kann auf Ihre speziellen Bed\u00fcrfnisse zugeschnitten werden. W\u00e4hlen Sie das Kabel, das f\u00fcr Ihren t\u00e4glichen Gebrauch am besten geeignet ist.<\/p>\n<h2>Das pers\u00f6nliche oder berufliche Accessoire<\/h2>\n<p>Ob im B\u00fcro oder im Freien, das KeyBak SECURIT ist das Accessoire der Wahl cavallo f\u00fcr alle, die das Beste in Sachen Funktionalit\u00e4t und Zuverl\u00e4ssigkeit verlangen. Entscheiden Sie sich f\u00fcr das KeyBak SECURIT und machen Sie sich das Leben leichter, indem Sie Ihre wichtigsten Gegenst\u00e4nde immer griffbereit haben.<\/p>","protected":false},"excerpt":{"rendered":"<h2>Das wichtigste Accessoire f\u00fcr alle<\/h2>\n<p>Perfekt f\u00fcr den intensiven t\u00e4glichen Gebrauch mit Karabinerhaken und Ring.<\/p>\n<h2>Merkmale<\/h2>\n<ul>\n<li>Befestigung mit Karabinerhaken<\/li>\n<li>Fesselt mit einem riesigen, 3 cm gro\u00dfen, zerbrochenen Ring<\/li>\n<li>Geh\u00e4use aus extrem widerstandsf\u00e4higem Polycarbonat<\/li>\n<li>L\u00e4nge von der Oberseite des Karabiners bis zur Unterseite der \u00d6se: 17 cm<\/li>\n<li>Schnur aus Kevlarfaser mit einer Mindestbruchkraft von 40 kg<\/li>\n<li>Getestet, um 1 Million Abz\u00fcge zu \u00fcberdauern<\/li>\n<li>Langlebigkeit gesch\u00fctzt durch eine 1-j\u00e4hrige Garantie<\/li>\n<\/ul>\n<h2>3 Schrumpfkr\u00e4fte verf\u00fcgbar<\/h2>\n<ul>\n<li>Der \" Securit Heavy HDK\" (Kabel 120 cm). Einzug bis 225 g (\u00b1 10 Schl\u00fcssel)<\/li>\n<li>Das \"Security Super SDK\" (Kabel 90 cm). Einzug bis zu 370 g (\u00b1 15 Schl\u00fcssel).<\/li>\n<li>Der \"Securit Xtreme XDK\" (Kabel 70 cm). Einzug bis 590g (\u00b1 40 Schl\u00fcssel)<\/li>\n<\/ul>","protected":false},"featured_media":4628,"template":"","meta":[],"product_brand":[],"product_cat":[68,27,67,69],"product_tag":[],"class_list":{"0":"post-4170","1":"product","2":"type-product","3":"status-publish","4":"has-post-thumbnail","6":"product_cat-industrie","7":"product_cat-key-bak-enrouleurs","8":"product_cat-securite","9":"product_cat-usage-quotidien","11":"first","12":"instock","13":"sale","14":"featured","15":"taxable","16":"shipping-taxable","17":"purchasable","18":"product-type-variable"},"_links":{"self":[{"href":"https:\/\/key-bak.fr\/de\/wp-json\/wp\/v2\/product\/4170","targetHints":{"allow":["GET"]}}],"collection":[{"href":"https:\/\/key-bak.fr\/de\/wp-json\/wp\/v2\/product"}],"about":[{"href":"https:\/\/key-bak.fr\/de\/wp-json\/wp\/v2\/types\/product"}],"version-history":[{"count":0,"href":"https:\/\/key-bak.fr\/de\/wp-json\/wp\/v2\/product\/4170\/revisions"}],"wp:featuredmedia":[{"embeddable":true,"href":"https:\/\/key-bak.fr\/de\/wp-json\/wp\/v2\/media\/4628"}],"wp:attachment":[{"href":"https:\/\/key-bak.fr\/de\/wp-json\/wp\/v2\/media?parent=4170"}],"wp:term":[{"taxonomy":"product_brand","embeddable":true,"href":"https:\/\/key-bak.fr\/de\/wp-json\/wp\/v2\/product_brand?post=4170"},{"taxonomy":"product_cat","embeddable":true,"href":"https:\/\/key-bak.fr\/de\/wp-json\/wp\/v2\/product_cat?post=4170"},{"taxonomy":"product_tag","embeddable":true,"href":"https:\/\/key-bak.fr\/de\/wp-json\/wp\/v2\/product_tag?post=4170"}],"curies":[{"name":"wp","href":"https:\/\/api.w.org\/{rel}","templated":true}]}}