{"id":4166,"date":"2022-03-24T20:26:14","date_gmt":"2022-03-24T20:26:14","guid":{"rendered":"https:\/\/www.keybak.amicalementgeorge.com\/?post_type=product&#038;p=4166"},"modified":"2026-03-01T09:44:18","modified_gmt":"2026-03-01T09:44:18","slug":"verstarkung-schlusselanhanger-rollo","status":"publish","type":"product","link":"https:\/\/key-bak.fr\/de\/produit\/renfort-porte-cle-enrouleur\/","title":{"rendered":"Verst\u00e4rkung Schl\u00fcsselanh\u00e4nger Rollo"},"content":{"rendered":"<p><strong>Mit dem HUS-KEY\u00ae tragen Sie mehr, ohne sich anstrengen zu m\u00fcssen.<\/strong><\/p>\n<p>Die HUS-KEY\u00ae-Verst\u00e4rkung passt auf Ihr Original Keybak und erm\u00f6glicht es Ihnen, Gegenst\u00e4nde mit einem Gewicht von bis zu 1 kg an Ihrem G\u00fcrtel zu befestigen, wobei die Benutzerfreundlichkeit des Key-bak erhalten bleibt.<\/p>\n<h3>Merkmale<\/h3>\n<ul>\n<li>HUS-KEY\u00ae erm\u00f6glicht es, das zul\u00e4ssige Gewicht des herk\u00f6mmlichen Key-Baks mit Aufrollmechanismus allein um das F\u00fcnffache zu erh\u00f6hen.<\/li>\n<li>Er wird einfach auf das Geh\u00e4use des KEY-BAK Originals geclipst<\/li>\n<li>Er kann nicht allein verwendet werden und funktioniert nur mit den Original KEY-BAK-Modellen.<\/li>\n<\/ul>\n<p>&nbsp;<\/p>","protected":false},"excerpt":{"rendered":"<p class=\"translation-block\">Speziell entwickelt, um perfekt in Ihr Original Key-Bak <strong><a href=\"https:\/\/key-bak.fr\/de\/product-2\/key-bak-original-chrome\/\" target=\"_self\">Chrom<\/a><\/strong> oder <strong><a href=\"https:\/\/key-bak.fr\/de\/product-2\/key-bak-original-vinyl\/\" target=\"_self\">Vinyl<\/a><\/strong> zu passen, verbessert diese Verst\u00e4rkung die Tragf\u00e4higkeit erheblich.<\/p>\n<h2>Tr\u00e4gt bis zu 1 kg mit Leichtigkeit<\/h2>\n<p>Der HUS-KEY\u00ae ist ideal f\u00fcr Berufst\u00e4tige, die schwere Gegenst\u00e4nde, wie Werkzeuge oder Zubeh\u00f6r, mit einem Gewicht von bis zu 1 kg tragen m\u00fcssen. Befestigen Sie ihn einfach an Ihrem G\u00fcrtel und genie\u00dfen Sie die gleiche Benutzerfreundlichkeit wie das Original Key-Bak, aber mit einer gr\u00f6\u00dferen Kapazit\u00e4t.<\/p>\n<h2>Langlebiges und zuverl\u00e4ssiges Design<\/h2>\n<p>Der HUS-KEY\u00ae wird aus hochwertigen Materialien hergestellt und bietet eine au\u00dfergew\u00f6hnliche St\u00e4rke und Haltbarkeit. So k\u00f6nnen Sie Ihre schweren Gegenst\u00e4nde sichern, ohne Kompromisse bei der Leistung eingehen zu m\u00fcssen.<\/p>\n<h2>Einfache und schnelle Installation<\/h2>\n<p>Die Anbringung des HUS-KEY\u00ae an Ihrem Original Key-Bak ist schnell und einfach. So k\u00f6nnen Sie Ihren Schl\u00fcsselanh\u00e4nger in Sekundenschnelle in ein noch vielseitigeres Werkzeug verwandeln.<\/p>\n<h2>Ideal f\u00fcr anspruchsvolle Berufe<\/h2>\n<p>Ob Sie nun im Baugewerbe, in der Sicherheitsbranche oder in einem anderen Bereich t\u00e4tig sind, in dem h\u00e4ufig schwere Werkzeuge verwendet werden m\u00fcssen, der HUS-KEY\u00ae ist das perfekte Zubeh\u00f6r, um die F\u00e4higkeiten Ihres Original Key-Bak zu erweitern.<\/p>\n<p>Machen Sie Ihr Original Key-Bak mit der HUS-KEY\u00ae-Verst\u00e4rkung zu einer noch st\u00e4rkeren L\u00f6sung. Verwalten Sie Ihre schweren Gegenst\u00e4nde sicher und einfach und genie\u00dfen Sie die Mobilit\u00e4t und den Komfort, den Sie mit dem Key-Bak lieben.<\/p>","protected":false},"featured_media":4659,"template":"","meta":[],"product_brand":[],"product_cat":[52],"product_tag":[],"class_list":{"0":"post-4166","1":"product","2":"type-product","3":"status-publish","4":"has-post-thumbnail","6":"product_cat-accessoires","8":"first","9":"instock","10":"taxable","11":"shipping-taxable","12":"purchasable","13":"product-type-simple"},"_links":{"self":[{"href":"https:\/\/key-bak.fr\/de\/wp-json\/wp\/v2\/product\/4166","targetHints":{"allow":["GET"]}}],"collection":[{"href":"https:\/\/key-bak.fr\/de\/wp-json\/wp\/v2\/product"}],"about":[{"href":"https:\/\/key-bak.fr\/de\/wp-json\/wp\/v2\/types\/product"}],"version-history":[{"count":0,"href":"https:\/\/key-bak.fr\/de\/wp-json\/wp\/v2\/product\/4166\/revisions"}],"wp:featuredmedia":[{"embeddable":true,"href":"https:\/\/key-bak.fr\/de\/wp-json\/wp\/v2\/media\/4659"}],"wp:attachment":[{"href":"https:\/\/key-bak.fr\/de\/wp-json\/wp\/v2\/media?parent=4166"}],"wp:term":[{"taxonomy":"product_brand","embeddable":true,"href":"https:\/\/key-bak.fr\/de\/wp-json\/wp\/v2\/product_brand?post=4166"},{"taxonomy":"product_cat","embeddable":true,"href":"https:\/\/key-bak.fr\/de\/wp-json\/wp\/v2\/product_cat?post=4166"},{"taxonomy":"product_tag","embeddable":true,"href":"https:\/\/key-bak.fr\/de\/wp-json\/wp\/v2\/product_tag?post=4166"}],"curies":[{"name":"wp","href":"https:\/\/api.w.org\/{rel}","templated":true}]}}