{"id":4165,"date":"2022-03-24T20:26:14","date_gmt":"2022-03-24T20:26:14","guid":{"rendered":"https:\/\/www.keybak.amicalementgeorge.com\/?post_type=product&#038;p=4165"},"modified":"2026-03-26T10:54:55","modified_gmt":"2026-03-26T10:54:55","slug":"key-bak-original-vinyl","status":"publish","type":"product","link":"https:\/\/key-bak.fr\/de\/produit\/key-bak-original-vinyl\/","title":{"rendered":"Key-bak ORIGINAL Vinyl"},"content":{"rendered":"<p class=\"translation-block\">Es wurde 1948 auf der Innovation eines kalifornischen <a href=\"https:\/\/key-bak.fr\/de\/a-propos\/\" target=\"_self\"><strong>Wanderers<\/strong><\/a> gegr\u00fcndet und sollte eine praktische und sichere L\u00f6sung f\u00fcr die Verwendung von Schl\u00fcsseln und Werkzeugen bieten.<\/p>\n<h2>Au\u00dfergew\u00f6hnliche Haltbarkeit und Zuverl\u00e4ssigkeit<\/h2>\n<p>Dieser ikonische einziehbare Schl\u00fcsselanh\u00e4nger zeichnet sich durch eine hochbelastbare Kette oder ein hochbelastbares Kabel aus, die\/das so konzipiert ist, dass sie\/es die Konkurrenz \u00fcbertrifft. Er ist das beliebteste und am h\u00e4ufigsten nachgeahmte Modell in unserem Sortiment, ein Beweis f\u00fcr seine hohe Qualit\u00e4t und nahtlose Funktionalit\u00e4t.<\/p>\n<h2>Ergonomisches und sicheres Design<\/h2>\n<p>Der Original Key-Bak l\u00e4sst sich mit einem robusten Clip einfach am G\u00fcrtel befestigen und erm\u00f6glicht so einen schnellen und einfachen Zugriff auf Ihre Schl\u00fcssel. Schluss mit Schl\u00fcsseln, die in den Taschen st\u00f6ren oder Ihre Kleidung abnutzen. Mit diesem Schl\u00fcsselanh\u00e4nger minimieren Sie auch das Risiko, dass Ihre Schl\u00fcssel verloren gehen oder gestohlen werden.<\/p>\n<h2>Individuell anpassbar und anpassungsf\u00e4hig<\/h2>\n<p>Passen Sie das Key-Bak mit zwei Kabeloptionen (Kette oder Kevlar) und vier L\u00e4ngenoptionen (60 cm, 70 cm, 90 cm oder 120 cm) an Ihre speziellen Bed\u00fcrfnisse an und bieten Sie so eine Vielfalt, die allen Nutzungsanforderungen gerecht wird.<\/p>\n<h2>Ein St\u00fcck Geschichte, das kopiert, aber nie erreicht wurde<\/h2>\n<p>Das Key-Bak Original ist mehr als nur ein Schl\u00fcsselanh\u00e4nger: Es ist ein St\u00fcck Innovationsgeschichte, das f\u00fcr die Ewigkeit gemacht ist und Sie jeden Tag begleitet. Der einziehbare Schl\u00fcsselanh\u00e4nger mit Aufrollautomatik ist das beliebteste Original...und auch das am h\u00e4ufigsten kopierte. Er verf\u00fcgt \u00fcber eine hochbelastbare Kette, die dazu bestimmt ist, alle Konkurrenzmodelle zu \u00fcbertreffen.<\/p>\n<p>Er wird mit einem Clip am G\u00fcrtel befestigt und erm\u00f6glicht eine schnelle und einfache Benutzung der Schl\u00fcssel. Der Original-Schl\u00fcsselanh\u00e4nger key-bak macht die Schl\u00fcssel in den Taschen \u00fcberfl\u00fcssig, verhindert die Abnutzung der Kleidung und den Verlust oder Diebstahl von Schl\u00fcsseln.<\/p>\n<p><strong>Das Originalmodell des Keybak ist in 2 Kabelqualit\u00e4ten (Kette oder Kevlar) und in 4 L\u00e4ngen erh\u00e4ltlich: 60 cm, 70 cm, 90 und 120 cm.<\/strong><\/p>","protected":false},"excerpt":{"rendered":"<h2>Sichern Sie Ihre Schl\u00fcssel und Werkzeuge mit mit diesem ikonischen KeyBak<\/h2>\n<p>Der Key-Bak Original Black Vinyl ist der erste einziehbare Schl\u00fcsselanh\u00e4nger der Welt und hat sich zu einem unverzichtbaren Klassiker entwickelt.<\/p>\n<h2>Merkmale<\/h2>\n<ul>\n<li>Kette aus unzerbrechlichem Edelstahl oder Kevlarseil<\/li>\n<li>Feder aus rostfreiem Stahl, eingebettet in ein unzerbrechliches 5 cm Vinyl-Geh\u00e4use<\/li>\n<li>2,5 cm langer Ring aus geh\u00e4rtetem, korrosionsbest\u00e4ndigem Stahl<\/li>\n<li>Getestet, um 1 Million Abz\u00fcge zu \u00fcberdauern<\/li>\n<li>Gesch\u00fctzt durch eine einj\u00e4hrige Garantie<\/li>\n<li>ECO-REELS KEY-BAK-Spulen produzieren 90 % weniger Abfall als die Konkurrenz.<\/li>\n<li>Hergestellt in den USA<\/li>\n<\/ul>\n<h2>4 Schrumpfkr\u00e4fte verf\u00fcgbar<\/h2>\n<ul>\n<li>Der \"5B\" (60 cm lange Kette). Einzug bis 225 g (\u00b1 10 Schl\u00fcssel)<\/li>\n<li>Der \" 485B Heavy HDK\" (120 cm Kabel). Einzug bis 225g (\u00b1 15 Schl\u00fcssel)<\/li>\n<li>Das \"485B Super SDK\" (90 cm langes Kabel). Einzug bis 370g (\u00b1 22 Schl\u00fcssel)<\/li>\n<li>Der \u00ab485B Xtreme XDK\u00bb (70 cm langes Kabel). Einzug bis 490g (\u00b1 40 Schl\u00fcssel)<\/li>\n<\/ul>","protected":false},"featured_media":4620,"template":"","meta":[],"product_brand":[],"product_cat":[66,68,27,69],"product_tag":[],"class_list":{"0":"post-4165","1":"product","2":"type-product","3":"status-publish","4":"has-post-thumbnail","6":"product_cat-hotellerie","7":"product_cat-industrie","8":"product_cat-key-bak-enrouleurs","9":"product_cat-usage-quotidien","11":"first","12":"instock","13":"sale","14":"taxable","15":"shipping-taxable","16":"purchasable","17":"product-type-variable"},"_links":{"self":[{"href":"https:\/\/key-bak.fr\/de\/wp-json\/wp\/v2\/product\/4165","targetHints":{"allow":["GET"]}}],"collection":[{"href":"https:\/\/key-bak.fr\/de\/wp-json\/wp\/v2\/product"}],"about":[{"href":"https:\/\/key-bak.fr\/de\/wp-json\/wp\/v2\/types\/product"}],"version-history":[{"count":1,"href":"https:\/\/key-bak.fr\/de\/wp-json\/wp\/v2\/product\/4165\/revisions"}],"predecessor-version":[{"id":8982,"href":"https:\/\/key-bak.fr\/de\/wp-json\/wp\/v2\/product\/4165\/revisions\/8982"}],"wp:featuredmedia":[{"embeddable":true,"href":"https:\/\/key-bak.fr\/de\/wp-json\/wp\/v2\/media\/4620"}],"wp:attachment":[{"href":"https:\/\/key-bak.fr\/de\/wp-json\/wp\/v2\/media?parent=4165"}],"wp:term":[{"taxonomy":"product_brand","embeddable":true,"href":"https:\/\/key-bak.fr\/de\/wp-json\/wp\/v2\/product_brand?post=4165"},{"taxonomy":"product_cat","embeddable":true,"href":"https:\/\/key-bak.fr\/de\/wp-json\/wp\/v2\/product_cat?post=4165"},{"taxonomy":"product_tag","embeddable":true,"href":"https:\/\/key-bak.fr\/de\/wp-json\/wp\/v2\/product_tag?post=4165"}],"curies":[{"name":"wp","href":"https:\/\/api.w.org\/{rel}","templated":true}]}}