{"id":4163,"date":"2022-03-24T20:26:14","date_gmt":"2022-03-24T20:26:14","guid":{"rendered":"https:\/\/www.keybak.amicalementgeorge.com\/?post_type=product&#038;p=4163"},"modified":"2026-02-21T15:50:15","modified_gmt":"2026-02-21T15:50:15","slug":"keychain","status":"publish","type":"product","link":"https:\/\/key-bak.fr\/de\/produit\/keychain\/","title":{"rendered":"Keychain Multitool"},"content":{"rendered":"<p>KeyBak Keychain Multitool: Das vielseitige Werkzeug f\u00fcr jeden Tag<\/p>\n<h2>Intelligentes und robustes Design<\/h2>\n<p>Entdecken Sie das KeyBak Keychain Multitool, das als Ihr unverzichtbarer t\u00e4glicher Begleiter konzipiert wurde. Pr\u00e4zise auf Haltbarkeit und Funktionalit\u00e4t gefertigt, passt sich dieses Multitool perfekt an Ihre t\u00e4glichen Bed\u00fcrfnisse an, egal ob Sie in der Stadt oder beim Wandern unterwegs sind.<\/p>\n<h2>Multifunktional und praktisch<\/h2>\n<p>Mit dem KeyBak Keychain Multitool erhalten Sie eine Vielzahl von Werkzeugen in einem einzigen kompakten Ger\u00e4t. Mit einem Karabinerhaken zur einfachen Befestigung, einem Flaschen\u00f6ffner f\u00fcr Ihre Freizeit und verschiedenen anderen wichtigen Werkzeugen ist es ideal f\u00fcr eine Vielzahl von praktischen Situationen.<\/p>\n<h2>Hochwertige Materialien<\/h2>\n<p>Das KeyBak Keychain Multitool wurde gebaut, um dem t\u00e4glichen Verschlei\u00df standzuhalten, und besteht aus erstklassigen Materialien. Seine robuste Konstruktion garantiert eine au\u00dfergew\u00f6hnliche Langlebigkeit und Widerstandsf\u00e4higkeit gegen die Elemente, was es zu einer zuverl\u00e4ssigen Wahl f\u00fcr alle aktiven Nutzer macht.<\/p>\n<h2>Kompakt und leicht zu tragen<\/h2>\n<p>Dank des kompakten Designs kann es leicht in einer Tasche, an einer Tasche oder an einem G\u00fcrtel getragen werden und bietet so schnellen und einfachen Zugriff auf alle Werkzeuge, die Sie unterwegs ben\u00f6tigen.<\/p>\n<h2>Ein Unentbehrlich im Alltag<\/h2>\n<p>Ob Sie schnell eine kleine Reparatur durchf\u00fchren, eine Flasche \u00f6ffnen oder einfach nur dringend etwas befestigen m\u00fcssen, das KeyBak Keychain Multitool ist da, um Ihnen zu helfen. Es ist das perfekte Werkzeug f\u00fcr alle, die ihren Platzbedarf minimieren und gleichzeitig ihre Vorbereitung maximieren wollen.<\/p>\n<h2>Garantierte Haltbarkeit und Zuverl\u00e4ssigkeit<\/h2>\n<p>Investieren Sie in ein Werkzeug, das jahrelang h\u00e4lt. Das KeyBak Keychain Multitool ist nicht nur eine clevere Anschaffung, sondern garantiert Ihnen auch Zufriedenheit dank seiner zuverl\u00e4ssigen Konstruktion und seiner t\u00e4glichen Verwendbarkeit. Nehmen Sie es \u00fcberall mit hin, es wird Sie nicht entt\u00e4uschen.<\/p>","protected":false},"excerpt":{"rendered":"<h3>Das Schweizer Taschenmesser neu interpretiert von KeyBak<\/h3>\n<p>das KeyBak Keychain Multitool vereint 7 Werkzeuge in einem 7 cm langen Schl\u00fcsselanh\u00e4nger<\/p>\n<h3>Merkmale<\/h3>\n<p>In diesen 7 Zentimetern rostfreiem Stahl haben Sie :<\/p>\n<ul>\n<li>einem Flaschen\u00f6ffner<\/li>\n<li>von Schraubenschl\u00fcsseln 6, 15 und 18<\/li>\n<li>einem Schlitzschraubendreher<\/li>\n<li>eines Speichenschl\u00fcssels<\/li>\n<li>eines Lineals in Inch und Zentimetern<\/li>\n<\/ul>","protected":false},"featured_media":4652,"template":"","meta":[],"product_brand":[],"product_cat":[52,68,69],"product_tag":[],"class_list":{"0":"post-4163","1":"product","2":"type-product","3":"status-publish","4":"has-post-thumbnail","6":"product_cat-accessoires","7":"product_cat-industrie","8":"product_cat-usage-quotidien","10":"first","11":"instock","12":"taxable","13":"shipping-taxable","14":"purchasable","15":"product-type-simple"},"_links":{"self":[{"href":"https:\/\/key-bak.fr\/de\/wp-json\/wp\/v2\/product\/4163","targetHints":{"allow":["GET"]}}],"collection":[{"href":"https:\/\/key-bak.fr\/de\/wp-json\/wp\/v2\/product"}],"about":[{"href":"https:\/\/key-bak.fr\/de\/wp-json\/wp\/v2\/types\/product"}],"version-history":[{"count":0,"href":"https:\/\/key-bak.fr\/de\/wp-json\/wp\/v2\/product\/4163\/revisions"}],"wp:featuredmedia":[{"embeddable":true,"href":"https:\/\/key-bak.fr\/de\/wp-json\/wp\/v2\/media\/4652"}],"wp:attachment":[{"href":"https:\/\/key-bak.fr\/de\/wp-json\/wp\/v2\/media?parent=4163"}],"wp:term":[{"taxonomy":"product_brand","embeddable":true,"href":"https:\/\/key-bak.fr\/de\/wp-json\/wp\/v2\/product_brand?post=4163"},{"taxonomy":"product_cat","embeddable":true,"href":"https:\/\/key-bak.fr\/de\/wp-json\/wp\/v2\/product_cat?post=4163"},{"taxonomy":"product_tag","embeddable":true,"href":"https:\/\/key-bak.fr\/de\/wp-json\/wp\/v2\/product_tag?post=4163"}],"curies":[{"name":"wp","href":"https:\/\/api.w.org\/{rel}","templated":true}]}}