{"id":4162,"date":"2022-03-24T20:26:14","date_gmt":"2022-03-24T20:26:14","guid":{"rendered":"https:\/\/www.keybak.amicalementgeorge.com\/?post_type=product&#038;p=4162"},"modified":"2026-01-26T22:25:19","modified_gmt":"2026-01-26T22:25:19","slug":"key-bak-sichert-einen-schlussel","status":"publish","type":"product","link":"https:\/\/key-bak.fr\/de\/produit\/key-bak-assure-a-key\/","title":{"rendered":"Key-bak ASSURE A KEY"},"content":{"rendered":"<p>Unser ergonomisches Werkzeug zum ber\u00fchrungslosen \u00d6ffnen von T\u00fcren und Tastaturen, das f\u00fcr die sichere Interaktion mit den am st\u00e4rksten beanspruchten Oberfl\u00e4chen entwickelt wurde. Reduzieren Sie den Kontakt mit Keimen auf T\u00fcrklinken, Aufzugkn\u00f6pfen und \u00f6ffentlichen Tastaturen.<\/p>\n<h2>Ein Design f\u00fcr den vielseitigen Gebrauch<\/h2>\n<p>Das Design des Hakens und der Daumenst\u00fctze ist mit abgerundeten Kanten versehen, sodass er bequem in der Hand liegt und das Dr\u00fccken, Ziehen und Drehen von T\u00fcrgriffen und Schubladen erleichtert. Und nicht zu vergessen: Er ist auch ein Flaschen\u00f6ffner. Die solide, aber leichte Verarbeitung, die erstaunliche Anzahl an Funktionen und die einfache Bedienung machen diesen ber\u00fchrungslosen Mehrzweck-T\u00fcr\u00f6ffner zur idealen Wahl f\u00fcr den t\u00e4glichen Gebrauch.<\/p>\n<h2>Hochwertige Materialien<\/h2>\n<p>Hergestellt aus einer robusten Zinklegierung und mit einer geb\u00fcrsteten Nickelbeschichtung veredelt, ist dieses Werkzeug nicht nur auf Langlebigkeit ausgelegt, sondern auch auf die F\u00e4higkeit, Mikroben auf seiner Oberfl\u00e4che zu reduzieren, was Ihnen einen zus\u00e4tzlichen Schutz im Alltag bietet.<\/p>\n<h2>Vielseitig und einfach<\/h2>\n<p>Dieses Multifunktionstool mit einer Stiftspitze aus kratzfestem Gummi erm\u00f6glicht Ihnen die sichere Eingabe Ihres Kreditkartencodes, die Bedienung von Touchscreens, z. B. an Geldautomaten oder Tanks\u00e4ulen, und die Eingabe von Codes an T\u00fcr\u00f6ffnern, ohne die Oberfl\u00e4chen direkt zu ber\u00fchren.<\/p>\n<h2>Ideal f\u00fcr den t\u00e4glichen Gebrauch<\/h2>\n<p>Egal, ob Sie unterwegs, bei der Arbeit oder beim Einkaufen sind, dieses ber\u00fchrungslose Tool ist das perfekte Accessoire, um den direkten Kontakt mit \u00f6ffentlichen Oberfl\u00e4chen zu vermeiden und so Ihre Keimbelastung zu reduzieren. Es ist kompakt und leicht zu transportieren, passt problemlos in eine Tasche oder l\u00e4sst sich am Schl\u00fcsselbund befestigen.<\/p>\n<p>Investieren Sie in Ihre Gesundheit und Ihr Wohlbefinden mit unserem Tool zum \u00d6ffnen von T\u00fcren und ber\u00fchrungslosen Tastaturen, einer einfachen und effektiven L\u00f6sung, um sich im \u00f6ffentlichen Raum mit mehr Ruhe zu bewegen.<\/p>","protected":false},"excerpt":{"rendered":"<h3>Der Multifunktions-T\u00fcr\u00f6ffner<\/h3>\n<p>Unser Produkt, das w\u00e4hrend der Covid-Pandemie entwickelt wurde.<\/p>\n<h3>Merkmale<\/h3>\n<ul>\n<li>Gerade Haken, um das Abrutschen von T\u00fcrgriffen, Schubstangen und Ziehgriffen zu verringern.<\/li>\n<li>Zwei-Finger-Bedienung f\u00fcr eine bessere Handhabung mit weniger Aufwand als bei Modellen mit nur einem Finger.<\/li>\n<li>Abgerundete Kanten sorgen f\u00fcr eine bequeme, schmerzfreie Nutzung.<\/li>\n<li>Daumenauflage f\u00fcr mehr Kontrolle und Komfort.<\/li>\n<li>Flaschen\u00f6ffner, der jederzeit bereit ist, ein erfrischendes Getr\u00e4nk zu \u00f6ffnen.<\/li>\n<li>L\u00e4sst sich am einziehbaren KEY-BAK-Schl\u00fcsselring oder als Schl\u00fcsselanh\u00e4nger befestigen.<\/li>\n<li>Der KEY-BAK-T\u00fcr\u00f6ffner ist 35 % leichter als die meisten anderen Modelle und trotzdem so robust, dass er 90 kg tragen kann.<\/li>\n<\/ul>\n<p><iframe title=\"YouTube-Videoplayer\" src=\"https:\/\/www.youtube.com\/embed\/IoktscQkIUk?si=yFZZaUDJEtEEgWBQ\" width=\"560\" height=\"315\" frameborder=\"0\" allowfullscreen=\"allowfullscreen\"><\/iframe><\/p>","protected":false},"featured_media":4599,"template":"","meta":[],"product_brand":[],"product_cat":[52,68,65,69],"product_tag":[],"class_list":{"0":"post-4162","1":"product","2":"type-product","3":"status-publish","4":"has-post-thumbnail","6":"product_cat-accessoires","7":"product_cat-industrie","8":"product_cat-sante","9":"product_cat-usage-quotidien","11":"first","12":"instock","13":"taxable","14":"shipping-taxable","15":"purchasable","16":"product-type-simple"},"_links":{"self":[{"href":"https:\/\/key-bak.fr\/de\/wp-json\/wp\/v2\/product\/4162","targetHints":{"allow":["GET"]}}],"collection":[{"href":"https:\/\/key-bak.fr\/de\/wp-json\/wp\/v2\/product"}],"about":[{"href":"https:\/\/key-bak.fr\/de\/wp-json\/wp\/v2\/types\/product"}],"version-history":[{"count":0,"href":"https:\/\/key-bak.fr\/de\/wp-json\/wp\/v2\/product\/4162\/revisions"}],"wp:featuredmedia":[{"embeddable":true,"href":"https:\/\/key-bak.fr\/de\/wp-json\/wp\/v2\/media\/4599"}],"wp:attachment":[{"href":"https:\/\/key-bak.fr\/de\/wp-json\/wp\/v2\/media?parent=4162"}],"wp:term":[{"taxonomy":"product_brand","embeddable":true,"href":"https:\/\/key-bak.fr\/de\/wp-json\/wp\/v2\/product_brand?post=4162"},{"taxonomy":"product_cat","embeddable":true,"href":"https:\/\/key-bak.fr\/de\/wp-json\/wp\/v2\/product_cat?post=4162"},{"taxonomy":"product_tag","embeddable":true,"href":"https:\/\/key-bak.fr\/de\/wp-json\/wp\/v2\/product_tag?post=4162"}],"curies":[{"name":"wp","href":"https:\/\/api.w.org\/{rel}","templated":true}]}}