{"id":4161,"date":"2022-03-24T20:26:14","date_gmt":"2022-03-24T20:26:14","guid":{"rendered":"https:\/\/www.keybak.amicalementgeorge.com\/?post_type=product&#038;p=4161"},"modified":"2024-09-30T06:49:48","modified_gmt":"2024-09-30T06:49:48","slug":"schnellwechsler-qr500","status":"publish","type":"product","link":"https:\/\/key-bak.fr\/de\/produit\/detache-rapide-qr500\/","title":{"rendered":"Schnellentferner QR500"},"content":{"rendered":"<h2>Leichtes Abl\u00f6sen und Wiederverwenden Schnell<\/h2>\n<p>Der KeyBak QR500 \u00abQuick-Release\u00bb revolutioniert den t\u00e4glichen Gebrauch Ihrer Schl\u00fcssel. Dieser Schl\u00fcsselanh\u00e4nger wurde f\u00fcr eine schnelle und sichere Trennung entwickelt und teilt sich in zwei separate Teile. Ein Teil bleibt am Ring Ihrer KeyBak-Aufrollvorrichtung befestigt, w\u00e4hrend der andere Teil an Ihrem Schl\u00fcssel haften bleibt.<\/p>\n<h2>Vielseitige Verwendung<\/h2>\n<p>Der QR500 ist ideal f\u00fcr Situationen, in denen Flexibilit\u00e4t gefragt ist. Mit ihm k\u00f6nnen Sie einen Schl\u00fcssel im Schloss stecken lassen, ohne den gesamten Schl\u00fcsselbund mitzunehmen, oder jemandem ganz einfach einen Schl\u00fcssel leihen. Ob zu Hause oder im B\u00fcro, der QR500 bietet eine praktische L\u00f6sung, um Ihre Schl\u00fcssel m\u00fchelos zu verwalten.<\/p>\n<h2>Robustes, langlebiges Design<\/h2>\n<p>Der QR500 Quick-Release-Schl\u00fcsselanh\u00e4nger ist aus hochwertigen Materialien gefertigt, die eine lange Lebensdauer und Verschlei\u00dffestigkeit gew\u00e4hrleisten. Dieses System ist perfekt f\u00fcr alle, die einen schnellen und sicheren Zugriff auf bestimmte Schl\u00fcssel ben\u00f6tigen, w\u00e4hrend der Rest des Schl\u00fcsselbunds zug\u00e4nglich, aber sicher bleibt.<\/p>\n<h2>Perfekt f\u00fcr den Alltag<\/h2>\n<p>Ob Sie als Gesch\u00e4ftsmann mehrere Schl\u00fcssel verwalten oder als Privatperson den Zugriff auf Ihre wichtigsten Schl\u00fcssel vereinfachen m\u00f6chten, das KeyBak QR500 ist das ideale Zubeh\u00f6r. Es ist nicht nur praktisch, sondern bietet auch mehr Sicherheit, da Sie kontrollieren k\u00f6nnen, wer wann Zugriff auf Ihre Schl\u00fcssel hat.<\/p>\n<p>Setzen Sie auf das KeyBak QR500 f\u00fcr eine stressfreie Schl\u00fcsselverwaltung, maximale Flexibilit\u00e4t und erh\u00f6hte Sicherheit. Vereinfachen Sie Ihr Leben mit diesem innovativen Zubeh\u00f6r, das die Art und Weise, wie Sie Ihre Schl\u00fcssel verwenden und weitergeben, ver\u00e4ndert.<\/p>","protected":false},"excerpt":{"rendered":"<h2>Das unverzichtbare Accessoire<\/h2>\n<p>Um Ihre Schl\u00fcssel mit einem Klick von Ihrem KeyBak zu l\u00f6sen.<\/p>\n<h2>Merkmale<\/h2>\n<ul>\n<li>Schl\u00fcsselanh\u00e4nger Zink verchromt<\/li>\n<li>Teilt sich in zwei Teile<\/li>\n<li>2,5 cm langer Ring aus verchromtem Zink<\/li>\n<li>Zylindrische Form<\/li>\n<\/ul>\n<p><iframe title=\"YouTube-Videoplayer\" src=\"https:\/\/www.youtube.com\/embed\/mX8i2nCb1tY?si=AUji2ACLwE0EQ9fN\" width=\"560\" height=\"315\" frameborder=\"0\" allowfullscreen=\"allowfullscreen\"><\/iframe><\/p>","protected":false},"featured_media":4935,"template":"","meta":[],"product_brand":[],"product_cat":[52,66,68,69],"product_tag":[],"class_list":{"0":"post-4161","1":"product","2":"type-product","3":"status-publish","4":"has-post-thumbnail","6":"product_cat-accessoires","7":"product_cat-hotellerie","8":"product_cat-industrie","9":"product_cat-usage-quotidien","11":"first","12":"instock","13":"taxable","14":"shipping-taxable","15":"purchasable","16":"product-type-simple"},"_links":{"self":[{"href":"https:\/\/key-bak.fr\/de\/wp-json\/wp\/v2\/product\/4161","targetHints":{"allow":["GET"]}}],"collection":[{"href":"https:\/\/key-bak.fr\/de\/wp-json\/wp\/v2\/product"}],"about":[{"href":"https:\/\/key-bak.fr\/de\/wp-json\/wp\/v2\/types\/product"}],"version-history":[{"count":0,"href":"https:\/\/key-bak.fr\/de\/wp-json\/wp\/v2\/product\/4161\/revisions"}],"wp:featuredmedia":[{"embeddable":true,"href":"https:\/\/key-bak.fr\/de\/wp-json\/wp\/v2\/media\/4935"}],"wp:attachment":[{"href":"https:\/\/key-bak.fr\/de\/wp-json\/wp\/v2\/media?parent=4161"}],"wp:term":[{"taxonomy":"product_brand","embeddable":true,"href":"https:\/\/key-bak.fr\/de\/wp-json\/wp\/v2\/product_brand?post=4161"},{"taxonomy":"product_cat","embeddable":true,"href":"https:\/\/key-bak.fr\/de\/wp-json\/wp\/v2\/product_cat?post=4161"},{"taxonomy":"product_tag","embeddable":true,"href":"https:\/\/key-bak.fr\/de\/wp-json\/wp\/v2\/product_tag?post=4161"}],"curies":[{"name":"wp","href":"https:\/\/api.w.org\/{rel}","templated":true}]}}