{"id":4159,"date":"2022-03-24T20:26:14","date_gmt":"2022-03-24T20:26:14","guid":{"rendered":"https:\/\/www.keybak.amicalementgeorge.com\/?post_type=product&#038;p=4159"},"modified":"2026-03-26T11:38:53","modified_gmt":"2026-03-26T11:38:53","slug":"key-bak-patrol","status":"publish","type":"product","link":"https:\/\/key-bak.fr\/de\/produit\/key-bak-patrol\/","title":{"rendered":"Key-bak PATROL"},"content":{"rendered":"<h2>Extreme Widerstandsf\u00e4higkeit f\u00fcr intensive Nutzung<\/h2>\n<p>Entdecken Sie das Key-Bak Super48 PATROL, das Nonplusultra in Sachen Haltbarkeit und Widerstandsf\u00e4higkeit. Dieses Modell wurde entwickelt, um das Key-Bak Original zu \u00fcbertreffen, und erf\u00fcllt die Anforderungen von Profis, die das Beste in Sachen Leistung und Robustheit verlangen.<\/p>\n<h2>Verst\u00e4rktes Design f\u00fcr mehr Kapazit\u00e4t<\/h2>\n<p>Der Super48 PATROL ist mit einem Geh\u00e4use aus verst\u00e4rktem Polycarbonat und einem extrem widerstandsf\u00e4higen Kevlar\u00a9-Kabel ausgestattet. Er eignet sich perfekt, um eine gro\u00dfe Anzahl von Schl\u00fcsseln oder schwerere Gegenst\u00e4nde zu verwalten, ohne zu versagen.<\/p>\n<h2>Speziell angepasste G\u00fcrtelschnalle<\/h2>\n<p>Der Super48 PATROL ist mit einer G\u00fcrtelschnalle aus Leder ausgestattet und l\u00e4sst sich sicher an Berufsg\u00fcrteln mit einer Breite von bis zu 5 cm befestigen. Die Lederschnalle sorgt f\u00fcr eine sichere Befestigung und einen hohen Tragekomfort, auch bei intensiven Bewegungen.<\/p>\n<h2>Entscheiden Sie sich f\u00fcr Exzellenz mit dem Key-Bak PATROL<\/h2>\n<p>Entscheiden Sie sich f\u00fcr das Modell Super48 PATROL und profitieren Sie von einem zuverl\u00e4ssigen Arbeitsger\u00e4t, das auf Langlebigkeit ausgelegt ist. Er ist die ideale Wahl f\u00fcr Profis in den Bereichen Sicherheit, Wartung und \u00fcberall dort, wo Zuverl\u00e4ssigkeit nicht verhandelbar ist.<\/p>\n<h2>Kompromisslose Zuverl\u00e4ssigkeit und Leistung<\/h2>\n<p>Mit dem Key-Bak Super48 PATROL k\u00f6nnen Sie Ihre t\u00e4glichen Aufgaben mit Zuversicht angehen, da Sie wissen, dass Ihre Schl\u00fcssel und Werkzeuge immer sicher und griffbereit sind. Seine hochwertige Konstruktion garantiert eine lange und sorgenfreie Nutzung und macht ihn zu einer unverzichtbaren Investition f\u00fcr Berufst\u00e4tige.<\/p>\n<p>&nbsp;<\/p>","protected":false},"excerpt":{"rendered":"<h3>Die S48 f\u00fcr Profis aus dem Bereich Verteidigung und Sicherheit<\/h3>\n<p>Erleben Sie Robustheit mit dem Key-Bak Super48 PATROL, dem Gipfel der Haltbarkeit und Widerstandsf\u00e4higkeit.<\/p>\n<h3><span style=\"font-size: 16px;\">Merkmale<\/span><\/h3>\n<ul>\n<li>Lederschnalle f\u00fcr einen 5 cm breiten G\u00fcrtel<\/li>\n<li>Geh\u00e4use aus extrem widerstandsf\u00e4higem Polycarbonat<\/li>\n<li class=\"translation-block\">Ultrafestes Kevlar<sup>\u00a9<\/sup>-Garn im Milit\u00e4rgrad von 70 bis 120 cm<\/li>\n<li>Getestet, um 1 Million Abz\u00fcge zu \u00fcberdauern<\/li>\n<li>Gesch\u00fctzt durch 1 Jahr Garantie<\/li>\n<\/ul>\n<h2>3 Schrumpfkr\u00e4fte verf\u00fcgbar<\/h2>\n<ul>\n<li>Der \u00abHDLEK\u00bb (120 cm langes Kabel). Einzug bis 225g (\u00b1 15 Schl\u00fcssel)<\/li>\n<li>Das \u00abSDLEK\u00bb (90 cm langes Kabel). Einzug bis zu 370 g (\u00b1 22 Schl\u00fcssel).<\/li>\n<li>Der \u00abXDLEK\u00bb (70 cm langes Kabel). Einzug bis 590g (\u00b1 40 Schl\u00fcssel)<\/li>\n<\/ul>\n<p><iframe title=\"YouTube-Videoplayer\" src=\"https:\/\/www.youtube.com\/embed\/HKIO6uEH5mE?si=V6Ee10NXPW4vIlgS\" width=\"560\" height=\"315\" frameborder=\"0\" allowfullscreen=\"allowfullscreen\"><\/iframe><\/p>","protected":false},"featured_media":4625,"template":"","meta":[],"product_brand":[],"product_cat":[68,27,67],"product_tag":[],"class_list":{"0":"post-4159","1":"product","2":"type-product","3":"status-publish","4":"has-post-thumbnail","6":"product_cat-industrie","7":"product_cat-key-bak-enrouleurs","8":"product_cat-securite","10":"first","11":"instock","12":"sale","13":"taxable","14":"shipping-taxable","15":"purchasable","16":"product-type-variable"},"_links":{"self":[{"href":"https:\/\/key-bak.fr\/de\/wp-json\/wp\/v2\/product\/4159","targetHints":{"allow":["GET"]}}],"collection":[{"href":"https:\/\/key-bak.fr\/de\/wp-json\/wp\/v2\/product"}],"about":[{"href":"https:\/\/key-bak.fr\/de\/wp-json\/wp\/v2\/types\/product"}],"version-history":[{"count":0,"href":"https:\/\/key-bak.fr\/de\/wp-json\/wp\/v2\/product\/4159\/revisions"}],"wp:featuredmedia":[{"embeddable":true,"href":"https:\/\/key-bak.fr\/de\/wp-json\/wp\/v2\/media\/4625"}],"wp:attachment":[{"href":"https:\/\/key-bak.fr\/de\/wp-json\/wp\/v2\/media?parent=4159"}],"wp:term":[{"taxonomy":"product_brand","embeddable":true,"href":"https:\/\/key-bak.fr\/de\/wp-json\/wp\/v2\/product_brand?post=4159"},{"taxonomy":"product_cat","embeddable":true,"href":"https:\/\/key-bak.fr\/de\/wp-json\/wp\/v2\/product_cat?post=4159"},{"taxonomy":"product_tag","embeddable":true,"href":"https:\/\/key-bak.fr\/de\/wp-json\/wp\/v2\/product_tag?post=4159"}],"curies":[{"name":"wp","href":"https:\/\/api.w.org\/{rel}","templated":true}]}}