{"id":4157,"date":"2022-01-24T20:26:13","date_gmt":"2022-01-24T20:26:13","guid":{"rendered":"https:\/\/www.keybak.amicalementgeorge.com\/?post_type=product&#038;p=4157"},"modified":"2026-03-26T11:43:22","modified_gmt":"2026-03-26T11:43:22","slug":"key-bak-super48","status":"publish","type":"product","link":"https:\/\/key-bak.fr\/de\/produit\/key-bak-super48\/","title":{"rendered":"Key-bak SUPER48"},"content":{"rendered":"<h2>Entwickelt f\u00fcr die h\u00e4rtesten Herausforderungen<\/h2>\n<p>Der SUPER48 ist das robusteste Modell der Key-Bak-Reihe. Dieser selbstaufrollende Schl\u00fcsselaufroller \u00fcbertrifft in puncto Widerstandsf\u00e4higkeit sogar unser ber\u00fchmtes Key-Bak Original. Der SUPER48 wurde speziell f\u00fcr anspruchsvolle Profis entwickelt.<\/p>\n<h2>Hohe Kapazit\u00e4t f\u00fcr schwere Gegenst\u00e4nde<\/h2>\n<p>Mit seinem neuen, optimierten Design kann der SUPER48 problemlos schwerere Lasten wie Schl\u00fcsselbunde oder wichtige Werkzeuge tragen, ohne seine Leistung zu beeintr\u00e4chtigen.<\/p>\n<h2>Au\u00dfergew\u00f6hnliche Haltbarkeit<\/h2>\n<p>Das robuste Polycarbonat-Geh\u00e4use in Verbindung mit einem Kevlar\u00a9-Kabel garantiert extreme Haltbarkeit und bietet Ihnen auch unter den anspruchsvollsten Bedingungen eine hohe Zuverl\u00e4ssigkeit.<\/p>\n<h2>H\u00f6here Zuverl\u00e4ssigkeit und Sicherheit<\/h2>\n<p>Der SUPER48 ist das ideale Werkzeug f\u00fcr alle, die eine zuverl\u00e4ssige und sichere L\u00f6sung zum Tragen von Schl\u00fcsseln ben\u00f6tigen. Er bietet selbst in intensiven Arbeitsumgebungen absolute Ruhe.<\/p>\n<h2>Vielseitigkeit und Komfort<\/h2>\n<p>Dieser einziehbare Schl\u00fcsselanh\u00e4nger von securikey oder Cavallo wurde f\u00fcr eine einfache Handhabung und optimalen Komfort entwickelt. Befestigen Sie ihn mit seinem stabilen Befestigungssystem an Ihrem G\u00fcrtel oder einer anderen Halterung und genie\u00dfen Sie den sofortigen, m\u00fchelosen Zugriff auf Ihre Schl\u00fcssel oder Werkzeuge.<\/p>\n<h2>Die Wahl der Profis<\/h2>\n<p>Mit seinem ger\u00e4uscharmen Betrieb und dem Clip zur Befestigung am G\u00fcrtel ist das Key-bak SUPER48 nicht nur ein Schl\u00fcsselanh\u00e4nger, sondern ein Versprechen f\u00fcr Leistung und Widerstandsf\u00e4higkeit.<\/p>\n<p>Entscheiden Sie sich f\u00fcr Zuverl\u00e4ssigkeit an Ihren hektischsten Tagen. Entscheiden Sie sich f\u00fcr den SUPER48 und erh\u00f6hen Sie Ihre Standards f\u00fcr einziehbare Schl\u00fcsselanh\u00e4nger.<\/p>","protected":false},"excerpt":{"rendered":"<h3>2 Jahre Herstellergarantie!<\/h3>\n<p>Das KeyBak, das von den Streitkr\u00e4ften und allen Berufst\u00e4tigen, die ihrer Ausr\u00fcstung vertrauen m\u00fcssen, gefordert wird.<\/p>\n<p><span style=\"font-size: 16px;\"><strong>Merkmale<\/strong><\/span><\/p>\n<ul>\n<li>Wird mit einem abnehmbaren Steg geliefert, um eine gemischte Befestigung mit Schnalle oder Clip zu erm\u00f6glichen<\/li>\n<li>Geh\u00e4use aus extrem widerstandsf\u00e4higem Polycarbonat<\/li>\n<li class=\"translation-block\">Ultrafestes Kevlar<sup>\u00a9<\/sup>-Garn im Milit\u00e4rgrad von 70 bis 120 cm<\/li>\n<li>Getestet, um 1 Million Abz\u00fcge zu \u00fcberdauern<\/li>\n<li>Von Verteidigungs- und Sicherheitsexperten auf der ganzen Welt angenommen<\/li>\n<\/ul>\n<h2>3 Schrumpfkr\u00e4fte verf\u00fcgbar<\/h2>\n<ul>\n<li>Der \u00abS48 HDK\u00bb (120 cm langes Kabel). Einzug bis 225g (\u00b1 15 Schl\u00fcssel)<\/li>\n<li>Das \u00abS48 SDK\u00bb (90 cm langes Kabel). Einzug bis 370 g (\u00b1 22 Schl\u00fcssel)<\/li>\n<li>Der \u00abS48 XDK\u00bb (70 cm langes Kabel). Einzug bis 590g (\u00b1 40 Schl\u00fcssel)<\/li>\n<\/ul>\n<p><iframe title=\"YouTube-Videoplayer\" src=\"https:\/\/www.youtube.com\/embed\/8ogylbHqXxM?si=el0h6VJ0xVafiUKi\" width=\"560\" height=\"315\" frameborder=\"0\" allowfullscreen=\"allowfullscreen\"><\/iframe><\/p>","protected":false},"featured_media":4641,"template":"","meta":[],"product_brand":[],"product_cat":[68,27,67],"product_tag":[],"class_list":{"0":"post-4157","1":"product","2":"type-product","3":"status-publish","4":"has-post-thumbnail","6":"product_cat-industrie","7":"product_cat-key-bak-enrouleurs","8":"product_cat-securite","10":"first","11":"instock","12":"sale","13":"taxable","14":"shipping-taxable","15":"purchasable","16":"product-type-variable"},"_links":{"self":[{"href":"https:\/\/key-bak.fr\/de\/wp-json\/wp\/v2\/product\/4157","targetHints":{"allow":["GET"]}}],"collection":[{"href":"https:\/\/key-bak.fr\/de\/wp-json\/wp\/v2\/product"}],"about":[{"href":"https:\/\/key-bak.fr\/de\/wp-json\/wp\/v2\/types\/product"}],"version-history":[{"count":1,"href":"https:\/\/key-bak.fr\/de\/wp-json\/wp\/v2\/product\/4157\/revisions"}],"predecessor-version":[{"id":8990,"href":"https:\/\/key-bak.fr\/de\/wp-json\/wp\/v2\/product\/4157\/revisions\/8990"}],"wp:featuredmedia":[{"embeddable":true,"href":"https:\/\/key-bak.fr\/de\/wp-json\/wp\/v2\/media\/4641"}],"wp:attachment":[{"href":"https:\/\/key-bak.fr\/de\/wp-json\/wp\/v2\/media?parent=4157"}],"wp:term":[{"taxonomy":"product_brand","embeddable":true,"href":"https:\/\/key-bak.fr\/de\/wp-json\/wp\/v2\/product_brand?post=4157"},{"taxonomy":"product_cat","embeddable":true,"href":"https:\/\/key-bak.fr\/de\/wp-json\/wp\/v2\/product_cat?post=4157"},{"taxonomy":"product_tag","embeddable":true,"href":"https:\/\/key-bak.fr\/de\/wp-json\/wp\/v2\/product_tag?post=4157"}],"curies":[{"name":"wp","href":"https:\/\/api.w.org\/{rel}","templated":true}]}}